{"id":37226,"date":"2025-07-30T15:24:00","date_gmt":"2025-07-30T13:24:00","guid":{"rendered":"https:\/\/frangipani.it\/?post_type=product&#038;p=37226"},"modified":"2026-01-02T14:39:05","modified_gmt":"2026-01-02T13:39:05","slug":"sciarpa-bandana-red-orange-2","status":"publish","type":"product","link":"https:\/\/frangipani.it\/en\/product\/sciarpa-bandana-red-orange-2\/","title":{"rendered":"Bandana Red Orange Scarf"},"content":{"rendered":"<p>A very soft modal and wool scarf with a bandana design, suitable for milder temperatures, an excellent alternative for those with skin sensitivities to pure wool. Modal, a natural fibre derived from beech wood, is much more resistant to washing and guarantees the longevity of the garments.<span class=\"Apple-converted-space\">\u00a0<\/span>longevit\u00e0 dei capi.<\/p>\n<p><strong>Features:<\/strong>:<br \/>\nSize: 100X200<br \/>\nComposition: 80% Modal 20% Wool<br \/>\nFrayed on two short sides<\/p>\n<p><strong>Available colours<\/strong>:<br \/>\nOrange<\/p>\n<p>All Frangipani scarves are genderless<\/p>\n<p><strong>Product care<\/strong><br \/>\nWe recommend dry clean only and ironing at low<br \/>\ntemperature without steam.<\/p>\n<span class=\"et_bloom_bottom_trigger\"><\/span>","protected":false},"excerpt":{"rendered":"<p>Sciarpa in modal e lana morbidissima con disegno bandana, adatta anche per le temperature pi\u00f9 miti, un\u2019ottima alternativa per chi ha sensibilit\u00e0 cutanea al contatto con la pura lana. Il modal, fibra naturale derivata dal legno di faggio, \u00e8 molto pi\u00f9 resistente ai lavaggi e garantisce la\u00a0longevit\u00e0 dei capi. Caratteristiche: Misure: 100X200 Composizione: 80% Modal [&hellip;]<\/p>\n","protected":false},"featured_media":37683,"template":"","meta":{"_et_pb_use_builder":"","_et_pb_old_content":"","_et_gb_content_width":""},"product_brand":[],"product_cat":[166],"product_tag":[],"class_list":{"0":"post-37226","1":"product","2":"type-product","3":"status-publish","4":"has-post-thumbnail","6":"product_cat-sciarpe-stampate-modal-lana-fw25","8":"first","9":"instock","10":"sale","11":"shipping-taxable","12":"purchasable","13":"product-type-simple","14":"add-to-wishlist-after_add_to_cart"},"_links":{"self":[{"href":"https:\/\/frangipani.it\/en\/wp-json\/wp\/v2\/product\/37226","targetHints":{"allow":["GET"]}}],"collection":[{"href":"https:\/\/frangipani.it\/en\/wp-json\/wp\/v2\/product"}],"about":[{"href":"https:\/\/frangipani.it\/en\/wp-json\/wp\/v2\/types\/product"}],"wp:featuredmedia":[{"embeddable":true,"href":"https:\/\/frangipani.it\/en\/wp-json\/wp\/v2\/media\/37683"}],"wp:attachment":[{"href":"https:\/\/frangipani.it\/en\/wp-json\/wp\/v2\/media?parent=37226"}],"wp:term":[{"taxonomy":"product_brand","embeddable":true,"href":"https:\/\/frangipani.it\/en\/wp-json\/wp\/v2\/product_brand?post=37226"},{"taxonomy":"product_cat","embeddable":true,"href":"https:\/\/frangipani.it\/en\/wp-json\/wp\/v2\/product_cat?post=37226"},{"taxonomy":"product_tag","embeddable":true,"href":"https:\/\/frangipani.it\/en\/wp-json\/wp\/v2\/product_tag?post=37226"}],"curies":[{"name":"wp","href":"https:\/\/api.w.org\/{rel}","templated":true}]}}