{"id":37241,"date":"2025-07-30T15:45:00","date_gmt":"2025-07-30T13:45:00","guid":{"rendered":"https:\/\/frangipani.it\/?post_type=product&#038;p=37241"},"modified":"2026-01-02T14:38:47","modified_gmt":"2026-01-02T13:38:47","slug":"sciarpa-euro-blue","status":"publish","type":"product","link":"https:\/\/frangipani.it\/en\/product\/sciarpa-euro-blue\/","title":{"rendered":"Euro Blue Scarf"},"content":{"rendered":"<p class=\"translation-block\">A very soft modal and wool scarf, entirely hand-painted with a macro floral design, suitable for milder temperatures, an excellent alternative for those with skin sensitivities to pure wool. Modal, a natural fibre derived from beech wood, is much more resistant to washing and guarantees the longevity of the garments.<\/p>\n<p><strong>Features:<\/strong>:<br \/>\nSize: 100X200<br \/>\nComposition: 80% Modal 20% Wool<br \/>\nFrayed on two short sides<\/p>\n<p><strong>Available colours<\/strong>:<br \/>\nBlue base with purple red flowers.<\/p>\n<p>All Frangipani scarves are genderless<\/p>\n<p><strong>Product care<\/strong><br \/>\nWe recommend dry clean only and ironing at low<br \/>\ntemperature without steam.<\/p>\n<span class=\"et_bloom_bottom_trigger\"><\/span>","protected":false},"excerpt":{"rendered":"<p>Sciarpa in modal e lana morbidissima, interamente dipinta a mano con disegno macro floreale, adatta anche per le temperature pi\u00f9 miti, un\u2019ottima alternativa per chi ha sensibilit\u00e0 cutanea al contatto con la pura lana. Il modal, fibra naturale derivata dal legno di faggio, \u00e8 molto pi\u00f9 resistente ai lavaggi e garantisce la\u00a0 longevit\u00e0 dei capi. [&hellip;]<\/p>\n","protected":false},"featured_media":37699,"template":"","meta":{"_et_pb_use_builder":"","_et_pb_old_content":"","_et_gb_content_width":""},"product_brand":[],"product_cat":[166],"product_tag":[],"class_list":{"0":"post-37241","1":"product","2":"type-product","3":"status-publish","4":"has-post-thumbnail","6":"product_cat-sciarpe-stampate-modal-lana-fw25","8":"first","9":"outofstock","10":"sale","11":"shipping-taxable","12":"purchasable","13":"product-type-simple","14":"add-to-wishlist-after_add_to_cart"},"_links":{"self":[{"href":"https:\/\/frangipani.it\/en\/wp-json\/wp\/v2\/product\/37241","targetHints":{"allow":["GET"]}}],"collection":[{"href":"https:\/\/frangipani.it\/en\/wp-json\/wp\/v2\/product"}],"about":[{"href":"https:\/\/frangipani.it\/en\/wp-json\/wp\/v2\/types\/product"}],"wp:featuredmedia":[{"embeddable":true,"href":"https:\/\/frangipani.it\/en\/wp-json\/wp\/v2\/media\/37699"}],"wp:attachment":[{"href":"https:\/\/frangipani.it\/en\/wp-json\/wp\/v2\/media?parent=37241"}],"wp:term":[{"taxonomy":"product_brand","embeddable":true,"href":"https:\/\/frangipani.it\/en\/wp-json\/wp\/v2\/product_brand?post=37241"},{"taxonomy":"product_cat","embeddable":true,"href":"https:\/\/frangipani.it\/en\/wp-json\/wp\/v2\/product_cat?post=37241"},{"taxonomy":"product_tag","embeddable":true,"href":"https:\/\/frangipani.it\/en\/wp-json\/wp\/v2\/product_tag?post=37241"}],"curies":[{"name":"wp","href":"https:\/\/api.w.org\/{rel}","templated":true}]}}